{"id":9,"date":"2025-04-07T14:11:27","date_gmt":"2025-04-07T14:11:27","guid":{"rendered":"https:\/\/meditempus.duplotest.com\/web\/index.php\/politica-privacidad\/"},"modified":"2025-09-25T10:08:00","modified_gmt":"2025-09-25T10:08:00","slug":"politica-privacidad","status":"publish","type":"page","link":"https:\/\/meditempus.duplotest.com\/web\/politica-privacidad\/","title":{"rendered":"Pol\u00edtica de Privacidad"},"content":{"rendered":"<h2>Identidad del responsable del tratamiento de los datos personales<\/h2>\n<p><span style=\"font-weight: 400;\">El responsable del tratamiento de los datos personales es: MEDITEMPUS ETT SA con NIF\/CIF: A60971108 (en adelante, Responsable del tratamiento). Sus datos de contacto son los siguientes:<\/span><\/p>\n<p><span style=\"font-weight: 400;\">Direcci\u00f3n: Calle Valencia, 245, 5\u00ba, 3\u00aa de Barcelona<\/span><\/p>\n<p><span style=\"font-weight: 400;\">Email de contacto: info@meditempus.com<\/span><\/p>\n<p><b>Delegado de Protecci\u00f3n de Datos (DPD):<\/b><span style=\"font-weight: 400;\"> Rafael Navarro (rnavarro@auxia.es)<\/span><\/p>\n<p>&nbsp;<\/p>\n<h2>Fines del tratamiento a que se destinan los datos personales<\/h2>\n<p><span style=\"font-weight: 400;\">Los datos personales son recabados y gestionados por MEDITEMPUS ETT SA con la finalidad de poder facilitar, agilizar y cumplir los compromisos establecidos entre el sitio web y el usuario o el mantenimiento de la relaci\u00f3n que se establezca en los formularios que este \u00faltimo rellene o para atender una solicitud o consulta.<\/span><\/p>\n<p><span style=\"font-weight: 400;\">Igualmente, los datos podr\u00e1n ser utilizados con el fin de remitir newsletters, as\u00ed como comunicaciones informativas y\/o publicidad de MEDITEMPUS ETT SA.<\/span><\/p>\n<p>&nbsp;<\/p>\n<h2>Categor\u00edas de datos personales<\/h2>\n<p><span style=\"font-weight: 400;\">Las categor\u00edas de datos que se tratan en MEDITEMPUS ETT SA para gestionar los tratamientos anteriormente mencionados son: datos identificativos, acad\u00e9micos y profesionales.<\/span><\/p>\n<p><span style=\"font-weight: 400;\">Informamos que los datos requeridos son indispensables para poder llevar a cabo los servicios solicitados, implicando su negativa a suministrarlos la imposibilidad de desarrollar los mismos.<\/span><\/p>\n<p><span style=\"font-weight: 400;\">La informaci\u00f3n que el Usuario facilite a MEDITEMPUS ETT SA a trav\u00e9s de los formularios deber\u00e1 ser exacta y veraz. El usuario garantiza la autenticidad de todos los datos que comunique y mantendr\u00e1 actualizada la informaci\u00f3n dada a MEDITEMPUS ETT SA a fin de que corresponda, en todo momento, con la situaci\u00f3n real del Usuario. En el supuesto de manifestaciones inexactas, incompletas o falsas comunicadas por el Usuario, este ser\u00e1 el \u00fanico responsable por los perjuicios que debido a ello se pudieran causar a MEDITEMPUS ETT SA o a terceros.<\/span><\/p>\n<p>&nbsp;<\/p>\n<h2>Base legal para el tratamiento de los datos personales<\/h2>\n<p><span style=\"font-weight: 400;\">La base legal para el tratamiento de los datos personales es el consentimiento expreso y expl\u00edcito otorgado por el usuario en cada caso, pudiendo retirarla el mismo en cualquier momento<\/span><\/p>\n<p><span style=\"font-weight: 400;\">Respecto de la gesti\u00f3n de la contrataci\u00f3n de servicios, pago, facturaci\u00f3n, la base de legitimaci\u00f3n del tratamiento de sus datos de car\u00e1cter personal se establece en la propia necesidad de dicho tratamiento para la ejecuci\u00f3n del contrato.<\/span><\/p>\n<p><span style=\"font-weight: 400;\">En cuanto al tratamiento de los datos de car\u00e1cter personal para el env\u00edo de informaci\u00f3n relacionada con los servicios prestados por nosotros, la base de legitimaci\u00f3n ser\u00e1 el inter\u00e9s leg\u00edtimo de MEDITEMPUS ETT SA.<\/span><\/p>\n<p>&nbsp;<\/p>\n<h2>Per\u00edodos de retenci\u00f3n de los datos personales<\/h2>\n<p><span style=\"font-weight: 400;\">Los datos personales solo ser\u00e1n retenidos durante el tiempo m\u00ednimo necesario para los fines de su tratamiento y, en todo caso, \u00fanicamente durante el plazo de 3 a\u00f1os o hasta que el usuario solicite su supresi\u00f3n.<\/span><\/p>\n<p>&nbsp;<\/p>\n<h2>Destinatarios de los datos personales<\/h2>\n<p><span style=\"font-weight: 400;\">Los datos personales del usuario podr\u00e1n ser compartidos con determinados clientes de MEDITEMPUS ETT, SA que pudieran estar interesados en la contrataci\u00f3n del interesado<\/span><\/p>\n<p><span style=\"font-weight: 400;\">No se transferir\u00e1n datos personales a un tercer pa\u00eds u organizaci\u00f3n internacional.<\/span><\/p>\n<p>&nbsp;<\/p>\n<h2>Datos personales de menores de edad<\/h2>\n<p><span style=\"font-weight: 400;\">Respetando lo establecido en los art\u00edculos 8 del RGPD y 7 de la Ley Org\u00e1nica 3\/2018, de 5 de diciembre, de Protecci\u00f3n de Datos Personales y garant\u00eda de los derechos digitales, s\u00f3lo los mayores de 14 a\u00f1os podr\u00e1n otorgar su consentimiento para el tratamiento de sus datos personales de forma l\u00edcita por MEDITEMPUS ETT SA Si se trata de un menor de 14 a\u00f1os, ser\u00e1 necesario el consentimiento de los padres o tutores para el tratamiento, y este solo se considerar\u00e1 l\u00edcito en la medida en la que los mismos lo hayan autorizado.<\/span><\/p>\n<p>&nbsp;<\/p>\n<h2>Secreto y seguridad de los datos personales<\/h2>\n<p><span style=\"font-weight: 400;\">MEDITEMPUS ETT SA se compromete a adoptar las medidas t\u00e9cnicas y organizativas necesarias, seg\u00fan el nivel de seguridad adecuado al riesgo de los datos recogidos, de forma que se garantice la seguridad de los datos de car\u00e1cter personal y se evite la destrucci\u00f3n, p\u00e9rdida o alteraci\u00f3n accidental o il\u00edcita de datos personales transmitidos, conservados o tratados de otra forma, o la comunicaci\u00f3n o acceso no autorizados a dichos datos.<\/span><\/p>\n<p><span style=\"font-weight: 400;\">Los datos personales ser\u00e1n tratados como confidenciales por el Responsable del tratamiento, quien se compromete a informar de y a garantizar por medio de una obligaci\u00f3n legal o contractual que dicha confidencialidad sea respetada por sus empleados, asociados, y toda persona a la cual le haga accesible la informaci\u00f3n.<\/span><\/p>\n<p>&nbsp;<\/p>\n<h2>Derechos derivados del tratamiento de los datos personales<\/h2>\n<p><span style=\"font-weight: 400;\">El usuario podr\u00e1 ejercer frente al Responsable del tratamiento los siguientes derechos reconocidos en el RGPD y en la Ley Org\u00e1nica 3\/2018, de 5 de diciembre, de Protecci\u00f3n de Datos Personales y garant\u00eda de los derechos digitales:<\/span><\/p>\n<ul>\n<li style=\"font-weight: 400;\" aria-level=\"1\"><b>Derecho de acceso: <\/b><span style=\"font-weight: 400;\">es el derecho del usuario a obtener confirmaci\u00f3n de si MEDITEMPUS ETT SA est\u00e1 tratando o no sus datos personales y, en caso afirmativo, obtener informaci\u00f3n sobre sus datos concretos de car\u00e1cter personal y del tratamiento que MEDITEMPUS ETT SA haya realizado o realice, as\u00ed como, entre otra, de la informaci\u00f3n disponible sobre el origen de dichos datos y los destinatarios de las comunicaciones realizadas o previstas de los mismos.<\/span><\/li>\n<li style=\"font-weight: 400;\" aria-level=\"1\"><b>Derecho de rectificaci\u00f3n: <\/b><span style=\"font-weight: 400;\">es el derecho del usuario a que se modifiquen sus datos personales que resulten ser inexactos o, teniendo en cuenta los fines del tratamiento, incompletos.<\/span><\/li>\n<li style=\"font-weight: 400;\" aria-level=\"1\"><b>Derecho de supresi\u00f3n:<\/b><span style=\"font-weight: 400;\"> es el derecho del usuario, siempre que la legislaci\u00f3n vigente no establezca lo contrario, a obtener la supresi\u00f3n de sus datos personales cuando estos ya no sean necesarios para los fines para los cuales fueron recogidos o tratados; el usuario haya retirado su consentimiento al tratamiento y este no cuente con otra base legal; el usuario se oponga al tratamiento y no exista otro motivo leg\u00edtimo para continuar con el mismo; los datos personales hayan sido tratados il\u00edcitamente; los datos personales deban suprimirse en cumplimiento de una obligaci\u00f3n legal; o los datos personales hayan sido obtenidos producto de una oferta directa de servicios de la sociedad de la informaci\u00f3n a un menor de 14 a\u00f1os. Adem\u00e1s de suprimir los datos, el Responsable del tratamiento, teniendo en cuenta la tecnolog\u00eda disponible y el coste de su aplicaci\u00f3n, deber\u00e1 adoptar medidas razonables para informar a los responsables que est\u00e9n tratando los datos personales de la solicitud del interesado de supresi\u00f3n de cualquier enlace a esos datos personales.<\/span><\/li>\n<li style=\"font-weight: 400;\" aria-level=\"1\"><b>Derecho a la limitaci\u00f3n del tratamiento: <\/b><span style=\"font-weight: 400;\">es el derecho del usuario a limitar el tratamiento de sus datos personales. El usuario tiene derecho a obtener la limitaci\u00f3n del tratamiento cuando impugne la exactitud de sus datos personales; el tratamiento sea il\u00edcito; el Responsable del tratamiento ya no necesite los datos personales, pero el usuario lo necesite para hacer reclamaciones; y cuando el Usuario se haya opuesto al tratamiento.<\/span><\/li>\n<li style=\"font-weight: 400;\" aria-level=\"1\"><b>Derecho a la portabilidad de los datos:<\/b><span style=\"font-weight: 400;\"> en caso de que el tratamiento se efect\u00fae por medios automatizados, el usuario tendr\u00e1 derecho a recibir del Responsable del tratamiento sus datos personales en un formato estructurado, de uso com\u00fan y lectura mec\u00e1nica, y a transmitirlos a otro responsable del tratamiento. Siempre que sea t\u00e9cnicamente posible, el Responsable del tratamiento transmitir\u00e1 directamente los datos a ese otro responsable.<\/span><\/li>\n<li style=\"font-weight: 400;\" aria-level=\"1\"><b>Derecho de oposici\u00f3n:<\/b><span style=\"font-weight: 400;\"> es el derecho del usuario a que no se lleve a cabo el tratamiento de sus datos de car\u00e1cter personal o se cese el tratamiento de los mismos por parte de MEDITEMPUS ETT SA<\/span><\/li>\n<li style=\"font-weight: 400;\" aria-level=\"1\"><span style=\"font-weight: 400;\">Derecho a no ser a no ser objeto de una decisi\u00f3n basada \u00fanicamente en el tratamiento automatizado, incluida la elaboraci\u00f3n de perfiles.<\/span><\/li>\n<\/ul>\n<p><span style=\"font-weight: 400;\">El usuario podr\u00e1 ejercitar sus derechos mediante comunicaci\u00f3n escrita dirigida al Responsable del tratamiento, remitida a la siguiente direcci\u00f3n y\/o correo electr\u00f3nico:<\/span><\/p>\n<p><span style=\"font-weight: 400;\">Direcci\u00f3n postal:\u00a0 Calle Valencia, 245, 5\u00ba, 3\u00aa de Barcelona<\/span><\/p>\n<p><span style=\"font-weight: 400;\">Correo electr\u00f3nico: <\/span><a href=\"mailto:info@meditempus.com\"><span style=\"font-weight: 400;\">info@meditempus.com<\/span><\/a><\/p>\n<p>&nbsp;<\/p>\n<h2>Enlaces a sitios web de terceros<\/h2>\n<p><span style=\"font-weight: 400;\">El sitio web puede incluir hiperv\u00ednculos o enlaces que permiten acceder a p\u00e1ginas web de terceros distintos de MEDITEMPUS ETT SA y que, por tanto, no son operados por MEDITEMPUS ETT SA<\/span><\/p>\n<p><span style=\"font-weight: 400;\">Los titulares de dichos sitios web dispondr\u00e1n de sus propias pol\u00edticas de protecci\u00f3n de datos, siendo ellos mismos, en cada caso, responsables de sus propios ficheros y de sus propias pr\u00e1cticas de privacidad.<\/span><\/p>\n<h2>Reclamaciones ante la autoridad de control<\/h2>\n<p><span style=\"font-weight: 400;\">En caso de que el usuario considere que existe un problema o infracci\u00f3n de la normativa vigente en la forma en la que se est\u00e1n tratando sus datos personales, tendr\u00e1 derecho a la tutela judicial efectiva y a presentar una reclamaci\u00f3n ante una autoridad de control, en particular, en el Estado en el que tenga su residencia habitual, lugar de trabajo o lugar de la supuesta infracci\u00f3n. En el caso de Espa\u00f1a, la autoridad de control es la Agencia Espa\u00f1ola de Protecci\u00f3n de Datos (<\/span><a href=\"http:\/\/www.agpd.es\/\"><span style=\"font-weight: 400;\">http:\/\/www.agpd.es<\/span><\/a><span style=\"font-weight: 400;\">).<\/span><\/p>\n<h2>Aceptaci\u00f3n y cambios en esta pol\u00edtica de privacidad<\/h2>\n<p><span style=\"font-weight: 400;\">Es necesario que el usuario haya le\u00eddo y est\u00e9 conforme con las condiciones sobre la protecci\u00f3n de datos de car\u00e1cter personal contenidas en esta Pol\u00edtica de Privacidad, as\u00ed como que acepte el tratamiento de sus datos personales para que el Responsable del tratamiento pueda proceder al mismo en la forma, durante los plazos y para las finalidades indicadas. El uso del sitio web implicar\u00e1 la aceptaci\u00f3n de la Pol\u00edtica de Privacidad.<\/span><\/p>\n<p><span style=\"font-weight: 400;\">MEDITEMPUS ETT SA se reserva el derecho a modificar su Pol\u00edtica de Privacidad, de acuerdo con su propio criterio, o motivado por un cambio legislativo, jurisprudencial o doctrinal de la Agencia Espa\u00f1ola de Protecci\u00f3n de Datos.\u00a0<\/span><\/p>\n","protected":false},"excerpt":{"rendered":"<p>Identidad del responsable del tratamiento de los datos personales El responsable del tratamiento de los datos personales es: MEDITEMPUS ETT SA con NIF\/CIF: A60971108 (en adelante, Responsable del tratamiento). Sus datos de contacto son los siguientes: Direcci\u00f3n: Calle Valencia, 245, 5\u00ba, 3\u00aa de Barcelona Email de contacto: info@meditempus.com Delegado de Protecci\u00f3n de Datos (DPD): Rafael [&hellip;]<\/p>\n","protected":false},"author":3,"featured_media":0,"parent":0,"menu_order":1000,"comment_status":"closed","ping_status":"closed","template":"","meta":{"footnotes":""},"class_list":["post-9","page","type-page","status-publish","hentry"],"yoast_head":"<!-- This site is optimized with the Yoast SEO plugin v26.8 - https:\/\/yoast.com\/product\/yoast-seo-wordpress\/ -->\n<title>Pol\u00edtica de Privacidad - Meditempus<\/title>\n<meta name=\"description\" content=\"Consulta nuestra Pol\u00edtica de Privacidad y conoce c\u00f3mo protegemos y tratamos tus datos personales en Meditempus.\" \/>\n<meta name=\"robots\" content=\"noindex, follow, max-snippet:-1, max-image-preview:large, max-video-preview:-1\" \/>\n<meta property=\"og:locale\" content=\"es_ES\" \/>\n<meta property=\"og:type\" content=\"article\" \/>\n<meta property=\"og:title\" content=\"Pol\u00edtica de Privacidad - Meditempus\" \/>\n<meta property=\"og:description\" content=\"Consulta nuestra Pol\u00edtica de Privacidad y conoce c\u00f3mo protegemos y tratamos tus datos personales en Meditempus.\" \/>\n<meta property=\"og:url\" content=\"https:\/\/meditempus.duplotest.com\/web\/politica-privacidad\/\" \/>\n<meta property=\"og:site_name\" content=\"Meditempus\" \/>\n<meta property=\"article:modified_time\" content=\"2025-09-25T10:08:00+00:00\" \/>\n<meta name=\"twitter:card\" content=\"summary_large_image\" \/>\n<meta name=\"twitter:label1\" content=\"Tiempo de lectura\" \/>\n\t<meta name=\"twitter:data1\" content=\"7 minutos\" \/>\n<script type=\"application\/ld+json\" class=\"yoast-schema-graph\">{\"@context\":\"https:\/\/schema.org\",\"@graph\":[{\"@type\":\"WebPage\",\"@id\":\"https:\/\/meditempus.duplotest.com\/web\/politica-privacidad\/\",\"url\":\"https:\/\/meditempus.duplotest.com\/web\/politica-privacidad\/\",\"name\":\"Pol\u00edtica de Privacidad - Meditempus\",\"isPartOf\":{\"@id\":\"https:\/\/meditempus.duplotest.com\/web\/#website\"},\"datePublished\":\"2025-04-07T14:11:27+00:00\",\"dateModified\":\"2025-09-25T10:08:00+00:00\",\"description\":\"Consulta nuestra Pol\u00edtica de Privacidad y conoce c\u00f3mo protegemos y tratamos tus datos personales en Meditempus.\",\"breadcrumb\":{\"@id\":\"https:\/\/meditempus.duplotest.com\/web\/politica-privacidad\/#breadcrumb\"},\"inLanguage\":\"es\",\"potentialAction\":[{\"@type\":\"ReadAction\",\"target\":[\"https:\/\/meditempus.duplotest.com\/web\/politica-privacidad\/\"]}]},{\"@type\":\"BreadcrumbList\",\"@id\":\"https:\/\/meditempus.duplotest.com\/web\/politica-privacidad\/#breadcrumb\",\"itemListElement\":[{\"@type\":\"ListItem\",\"position\":1,\"name\":\"Home\",\"item\":\"https:\/\/meditempus.duplotest.com\/web\/\"},{\"@type\":\"ListItem\",\"position\":2,\"name\":\"Pol\u00edtica de Privacidad\"}]},{\"@type\":\"WebSite\",\"@id\":\"https:\/\/meditempus.duplotest.com\/web\/#website\",\"url\":\"https:\/\/meditempus.duplotest.com\/web\/\",\"name\":\"Meditempus\",\"description\":\"En Meditempus unimos personas, talento y futuro\",\"potentialAction\":[{\"@type\":\"SearchAction\",\"target\":{\"@type\":\"EntryPoint\",\"urlTemplate\":\"https:\/\/meditempus.duplotest.com\/web\/?s={search_term_string}\"},\"query-input\":{\"@type\":\"PropertyValueSpecification\",\"valueRequired\":true,\"valueName\":\"search_term_string\"}}],\"inLanguage\":\"es\"}]}<\/script>\n<!-- \/ Yoast SEO plugin. -->","yoast_head_json":{"title":"Pol\u00edtica de Privacidad - Meditempus","description":"Consulta nuestra Pol\u00edtica de Privacidad y conoce c\u00f3mo protegemos y tratamos tus datos personales en Meditempus.","robots":{"index":"noindex","follow":"follow","max-snippet":"max-snippet:-1","max-image-preview":"max-image-preview:large","max-video-preview":"max-video-preview:-1"},"og_locale":"es_ES","og_type":"article","og_title":"Pol\u00edtica de Privacidad - Meditempus","og_description":"Consulta nuestra Pol\u00edtica de Privacidad y conoce c\u00f3mo protegemos y tratamos tus datos personales en Meditempus.","og_url":"https:\/\/meditempus.duplotest.com\/web\/politica-privacidad\/","og_site_name":"Meditempus","article_modified_time":"2025-09-25T10:08:00+00:00","twitter_card":"summary_large_image","twitter_misc":{"Tiempo de lectura":"7 minutos"},"schema":{"@context":"https:\/\/schema.org","@graph":[{"@type":"WebPage","@id":"https:\/\/meditempus.duplotest.com\/web\/politica-privacidad\/","url":"https:\/\/meditempus.duplotest.com\/web\/politica-privacidad\/","name":"Pol\u00edtica de Privacidad - Meditempus","isPartOf":{"@id":"https:\/\/meditempus.duplotest.com\/web\/#website"},"datePublished":"2025-04-07T14:11:27+00:00","dateModified":"2025-09-25T10:08:00+00:00","description":"Consulta nuestra Pol\u00edtica de Privacidad y conoce c\u00f3mo protegemos y tratamos tus datos personales en Meditempus.","breadcrumb":{"@id":"https:\/\/meditempus.duplotest.com\/web\/politica-privacidad\/#breadcrumb"},"inLanguage":"es","potentialAction":[{"@type":"ReadAction","target":["https:\/\/meditempus.duplotest.com\/web\/politica-privacidad\/"]}]},{"@type":"BreadcrumbList","@id":"https:\/\/meditempus.duplotest.com\/web\/politica-privacidad\/#breadcrumb","itemListElement":[{"@type":"ListItem","position":1,"name":"Home","item":"https:\/\/meditempus.duplotest.com\/web\/"},{"@type":"ListItem","position":2,"name":"Pol\u00edtica de Privacidad"}]},{"@type":"WebSite","@id":"https:\/\/meditempus.duplotest.com\/web\/#website","url":"https:\/\/meditempus.duplotest.com\/web\/","name":"Meditempus","description":"En Meditempus unimos personas, talento y futuro","potentialAction":[{"@type":"SearchAction","target":{"@type":"EntryPoint","urlTemplate":"https:\/\/meditempus.duplotest.com\/web\/?s={search_term_string}"},"query-input":{"@type":"PropertyValueSpecification","valueRequired":true,"valueName":"search_term_string"}}],"inLanguage":"es"}]}},"_links":{"self":[{"href":"https:\/\/meditempus.duplotest.com\/web\/wp-json\/wp\/v2\/pages\/9","targetHints":{"allow":["GET"]}}],"collection":[{"href":"https:\/\/meditempus.duplotest.com\/web\/wp-json\/wp\/v2\/pages"}],"about":[{"href":"https:\/\/meditempus.duplotest.com\/web\/wp-json\/wp\/v2\/types\/page"}],"author":[{"embeddable":true,"href":"https:\/\/meditempus.duplotest.com\/web\/wp-json\/wp\/v2\/users\/3"}],"replies":[{"embeddable":true,"href":"https:\/\/meditempus.duplotest.com\/web\/wp-json\/wp\/v2\/comments?post=9"}],"version-history":[{"count":3,"href":"https:\/\/meditempus.duplotest.com\/web\/wp-json\/wp\/v2\/pages\/9\/revisions"}],"predecessor-version":[{"id":13278,"href":"https:\/\/meditempus.duplotest.com\/web\/wp-json\/wp\/v2\/pages\/9\/revisions\/13278"}],"wp:attachment":[{"href":"https:\/\/meditempus.duplotest.com\/web\/wp-json\/wp\/v2\/media?parent=9"}],"curies":[{"name":"wp","href":"https:\/\/api.w.org\/{rel}","templated":true}]}}