{"id":10811,"date":"2025-09-23T09:51:13","date_gmt":"2025-09-23T09:51:13","guid":{"rendered":"https:\/\/meditempus.duplotest.com\/web\/?page_id=10811"},"modified":"2025-10-01T09:39:19","modified_gmt":"2025-10-01T09:39:19","slug":"agencia-de-colocacion","status":"publish","type":"page","link":"https:\/\/meditempus.duplotest.com\/web\/agencia-de-colocacion\/","title":{"rendered":"Agencia de colocaci\u00f3n"},"content":{"rendered":"<p><span style=\"font-weight: 400;\">Disponemos del n\u00famero de Autorizaci\u00f3n 9900000394 para poder operar como agencia de colocaci\u00f3n, de acuerdo con el <\/span><b>Real Decreto 1796\/2010<\/b><span style=\"font-weight: 400;\"> de 30 de diciembre.<\/span><span style=\"font-weight: 400;\"><br \/>\n<\/span><span style=\"font-weight: 400;\">Las agencias de colocaci\u00f3n hacemos actividades de intermediaci\u00f3n laboral para promocionar a las personas trabajadoras una ocupaci\u00f3n adecuada a sus caracter\u00edsticas, y facilitar a los empleadores los profesionales mejor preparados para sus necesidades.<\/span><span style=\"font-weight: 400;\"><br \/>\n<\/span><span style=\"font-weight: 400;\">Con esta finalidad, valoramos los perfiles, las aptitudes, los conocimientos y la calificaci\u00f3n profesional de las personas trabajadoras que quer\u00e1is encontrar un empleo a trav\u00e9s de nuestros servicios.<\/span><span style=\"font-weight: 400;\"><br \/>\n<\/span><span style=\"font-weight: 400;\">Nuestras oficinas est\u00e1n abiertas para escucharos y atender vuestras necesidades de 9 a 14 y de 15 a 18 horas, de lunes a viernes.<\/span><\/p>\n<p><strong>MEDITEMPUS ETT SA<\/strong><\/p>\n<p><b><\/b><b><\/b><b>AGENCIA DE COLOCACI\u00d3N:9900000394<\/b><b><br \/>\n<\/b><span style=\"font-weight: 400;\">Agencia colaboradora del Servei P\u00fablic d\u00b4Ocupaci\u00f3 de Catalunya en el marco de las actuaciones previstas en la Resoluci\u00f3n TSF\/2697\/2018, de 8 Noviembre.<\/span><span style=\"font-weight: 400;\"><br \/>\n<\/span><span style=\"font-weight: 400;\">Este programa est\u00e1 subvencionado por el\u00a0 Servei P\u00fablic d\u00b4Ocupaci\u00f3 de Catalunya y financiado por el Ministerio de Trabajo, Migraciones y Seguridad Social.<\/span><\/p>\n<p>&nbsp;<\/p>\n<p><img loading=\"lazy\" decoding=\"async\" class=\"alignnone wp-image-11112\" src=\"https:\/\/meditempus.duplotest.com\/web\/wp-content\/uploads\/2025\/09\/logo-soc.png\" alt=\"\" width=\"480\" height=\"120\" srcset=\"https:\/\/meditempus.duplotest.com\/web\/wp-content\/uploads\/2025\/09\/logo-soc.png 800w, https:\/\/meditempus.duplotest.com\/web\/wp-content\/uploads\/2025\/09\/logo-soc-768x192.png 768w\" sizes=\"auto, (max-width: 480px) 100vw, 480px\" \/>\u00a0 \u00a0<img loading=\"lazy\" decoding=\"async\" class=\"alignnone wp-image-11113\" src=\"https:\/\/meditempus.duplotest.com\/web\/wp-content\/uploads\/2025\/09\/Logotipo_de_la_Generalitat_de_Catalunya.svg-1.png\" alt=\"\" width=\"414\" height=\"120\" srcset=\"https:\/\/meditempus.duplotest.com\/web\/wp-content\/uploads\/2025\/09\/Logotipo_de_la_Generalitat_de_Catalunya.svg-1.png 1200w, https:\/\/meditempus.duplotest.com\/web\/wp-content\/uploads\/2025\/09\/Logotipo_de_la_Generalitat_de_Catalunya.svg-1-768x223.png 768w\" sizes=\"auto, (max-width: 414px) 100vw, 414px\" \/>\u00a0 \u00a0<img loading=\"lazy\" decoding=\"async\" class=\"alignnone wp-image-11114\" src=\"https:\/\/meditempus.duplotest.com\/web\/wp-content\/uploads\/2025\/09\/ministerio-Trabajo.png\" alt=\"Ministerio de trabajo, migraciones y seguridad social \" width=\"456\" height=\"120\" \/><\/p>\n","protected":false},"excerpt":{"rendered":"<p>Disponemos del n\u00famero de Autorizaci\u00f3n 9900000394 para poder operar como agencia de colocaci\u00f3n, de acuerdo con el Real Decreto 1796\/2010 de 30 de diciembre. Las agencias de colocaci\u00f3n hacemos actividades de intermediaci\u00f3n laboral para promocionar a las personas trabajadoras una ocupaci\u00f3n adecuada a sus caracter\u00edsticas, y facilitar a los empleadores los profesionales mejor preparados para [&hellip;]<\/p>\n","protected":false},"author":4,"featured_media":0,"parent":0,"menu_order":10,"comment_status":"closed","ping_status":"closed","template":"","meta":{"footnotes":""},"class_list":["post-10811","page","type-page","status-publish","hentry"],"yoast_head":"<!-- This site is optimized with the Yoast SEO plugin v26.8 - https:\/\/yoast.com\/product\/yoast-seo-wordpress\/ -->\n<title>Agencia de colocaci\u00f3n | Meditempus<\/title>\n<meta name=\"description\" content=\"Meditempus ETT opera como Agencia de Colocaci\u00f3n ayudando a los candidatos a encontrar empleo y a las empresas a captar talento.\" \/>\n<meta name=\"robots\" content=\"noindex, follow, max-snippet:-1, max-image-preview:large, max-video-preview:-1\" \/>\n<meta property=\"og:locale\" content=\"es_ES\" \/>\n<meta property=\"og:type\" content=\"article\" \/>\n<meta property=\"og:title\" content=\"Agencia de colocaci\u00f3n | Meditempus\" \/>\n<meta property=\"og:description\" content=\"Meditempus ETT opera como Agencia de Colocaci\u00f3n ayudando a los candidatos a encontrar empleo y a las empresas a captar talento.\" \/>\n<meta property=\"og:url\" content=\"https:\/\/meditempus.duplotest.com\/web\/agencia-de-colocacion\/\" \/>\n<meta property=\"og:site_name\" content=\"Meditempus\" \/>\n<meta property=\"article:modified_time\" content=\"2025-10-01T09:39:19+00:00\" \/>\n<meta property=\"og:image\" content=\"https:\/\/meditempus.duplotest.com\/web\/wp-content\/uploads\/2025\/09\/logo-soc.png\" \/>\n\t<meta property=\"og:image:width\" content=\"800\" \/>\n\t<meta property=\"og:image:height\" content=\"200\" \/>\n\t<meta property=\"og:image:type\" content=\"image\/png\" \/>\n<meta name=\"twitter:card\" content=\"summary_large_image\" \/>\n<meta name=\"twitter:label1\" content=\"Tiempo de lectura\" \/>\n\t<meta name=\"twitter:data1\" content=\"2 minutos\" \/>\n<script type=\"application\/ld+json\" class=\"yoast-schema-graph\">{\"@context\":\"https:\/\/schema.org\",\"@graph\":[{\"@type\":\"WebPage\",\"@id\":\"https:\/\/meditempus.duplotest.com\/web\/agencia-de-colocacion\/\",\"url\":\"https:\/\/meditempus.duplotest.com\/web\/agencia-de-colocacion\/\",\"name\":\"Agencia de colocaci\u00f3n | Meditempus\",\"isPartOf\":{\"@id\":\"https:\/\/meditempus.duplotest.com\/web\/#website\"},\"primaryImageOfPage\":{\"@id\":\"https:\/\/meditempus.duplotest.com\/web\/agencia-de-colocacion\/#primaryimage\"},\"image\":{\"@id\":\"https:\/\/meditempus.duplotest.com\/web\/agencia-de-colocacion\/#primaryimage\"},\"thumbnailUrl\":\"https:\/\/meditempus.duplotest.com\/web\/wp-content\/uploads\/2025\/09\/logo-soc.png\",\"datePublished\":\"2025-09-23T09:51:13+00:00\",\"dateModified\":\"2025-10-01T09:39:19+00:00\",\"description\":\"Meditempus ETT opera como Agencia de Colocaci\u00f3n ayudando a los candidatos a encontrar empleo y a las empresas a captar talento.\",\"breadcrumb\":{\"@id\":\"https:\/\/meditempus.duplotest.com\/web\/agencia-de-colocacion\/#breadcrumb\"},\"inLanguage\":\"es\",\"potentialAction\":[{\"@type\":\"ReadAction\",\"target\":[\"https:\/\/meditempus.duplotest.com\/web\/agencia-de-colocacion\/\"]}]},{\"@type\":\"ImageObject\",\"inLanguage\":\"es\",\"@id\":\"https:\/\/meditempus.duplotest.com\/web\/agencia-de-colocacion\/#primaryimage\",\"url\":\"https:\/\/meditempus.duplotest.com\/web\/wp-content\/uploads\/2025\/09\/logo-soc.png\",\"contentUrl\":\"https:\/\/meditempus.duplotest.com\/web\/wp-content\/uploads\/2025\/09\/logo-soc.png\",\"width\":800,\"height\":200},{\"@type\":\"BreadcrumbList\",\"@id\":\"https:\/\/meditempus.duplotest.com\/web\/agencia-de-colocacion\/#breadcrumb\",\"itemListElement\":[{\"@type\":\"ListItem\",\"position\":1,\"name\":\"Home\",\"item\":\"https:\/\/meditempus.duplotest.com\/web\/\"},{\"@type\":\"ListItem\",\"position\":2,\"name\":\"Agencia de colocaci\u00f3n\"}]},{\"@type\":\"WebSite\",\"@id\":\"https:\/\/meditempus.duplotest.com\/web\/#website\",\"url\":\"https:\/\/meditempus.duplotest.com\/web\/\",\"name\":\"Meditempus\",\"description\":\"En Meditempus unimos personas, talento y futuro\",\"potentialAction\":[{\"@type\":\"SearchAction\",\"target\":{\"@type\":\"EntryPoint\",\"urlTemplate\":\"https:\/\/meditempus.duplotest.com\/web\/?s={search_term_string}\"},\"query-input\":{\"@type\":\"PropertyValueSpecification\",\"valueRequired\":true,\"valueName\":\"search_term_string\"}}],\"inLanguage\":\"es\"}]}<\/script>\n<!-- \/ Yoast SEO plugin. -->","yoast_head_json":{"title":"Agencia de colocaci\u00f3n | Meditempus","description":"Meditempus ETT opera como Agencia de Colocaci\u00f3n ayudando a los candidatos a encontrar empleo y a las empresas a captar talento.","robots":{"index":"noindex","follow":"follow","max-snippet":"max-snippet:-1","max-image-preview":"max-image-preview:large","max-video-preview":"max-video-preview:-1"},"og_locale":"es_ES","og_type":"article","og_title":"Agencia de colocaci\u00f3n | Meditempus","og_description":"Meditempus ETT opera como Agencia de Colocaci\u00f3n ayudando a los candidatos a encontrar empleo y a las empresas a captar talento.","og_url":"https:\/\/meditempus.duplotest.com\/web\/agencia-de-colocacion\/","og_site_name":"Meditempus","article_modified_time":"2025-10-01T09:39:19+00:00","og_image":[{"width":800,"height":200,"url":"https:\/\/meditempus.duplotest.com\/web\/wp-content\/uploads\/2025\/09\/logo-soc.png","type":"image\/png"}],"twitter_card":"summary_large_image","twitter_misc":{"Tiempo de lectura":"2 minutos"},"schema":{"@context":"https:\/\/schema.org","@graph":[{"@type":"WebPage","@id":"https:\/\/meditempus.duplotest.com\/web\/agencia-de-colocacion\/","url":"https:\/\/meditempus.duplotest.com\/web\/agencia-de-colocacion\/","name":"Agencia de colocaci\u00f3n | Meditempus","isPartOf":{"@id":"https:\/\/meditempus.duplotest.com\/web\/#website"},"primaryImageOfPage":{"@id":"https:\/\/meditempus.duplotest.com\/web\/agencia-de-colocacion\/#primaryimage"},"image":{"@id":"https:\/\/meditempus.duplotest.com\/web\/agencia-de-colocacion\/#primaryimage"},"thumbnailUrl":"https:\/\/meditempus.duplotest.com\/web\/wp-content\/uploads\/2025\/09\/logo-soc.png","datePublished":"2025-09-23T09:51:13+00:00","dateModified":"2025-10-01T09:39:19+00:00","description":"Meditempus ETT opera como Agencia de Colocaci\u00f3n ayudando a los candidatos a encontrar empleo y a las empresas a captar talento.","breadcrumb":{"@id":"https:\/\/meditempus.duplotest.com\/web\/agencia-de-colocacion\/#breadcrumb"},"inLanguage":"es","potentialAction":[{"@type":"ReadAction","target":["https:\/\/meditempus.duplotest.com\/web\/agencia-de-colocacion\/"]}]},{"@type":"ImageObject","inLanguage":"es","@id":"https:\/\/meditempus.duplotest.com\/web\/agencia-de-colocacion\/#primaryimage","url":"https:\/\/meditempus.duplotest.com\/web\/wp-content\/uploads\/2025\/09\/logo-soc.png","contentUrl":"https:\/\/meditempus.duplotest.com\/web\/wp-content\/uploads\/2025\/09\/logo-soc.png","width":800,"height":200},{"@type":"BreadcrumbList","@id":"https:\/\/meditempus.duplotest.com\/web\/agencia-de-colocacion\/#breadcrumb","itemListElement":[{"@type":"ListItem","position":1,"name":"Home","item":"https:\/\/meditempus.duplotest.com\/web\/"},{"@type":"ListItem","position":2,"name":"Agencia de colocaci\u00f3n"}]},{"@type":"WebSite","@id":"https:\/\/meditempus.duplotest.com\/web\/#website","url":"https:\/\/meditempus.duplotest.com\/web\/","name":"Meditempus","description":"En Meditempus unimos personas, talento y futuro","potentialAction":[{"@type":"SearchAction","target":{"@type":"EntryPoint","urlTemplate":"https:\/\/meditempus.duplotest.com\/web\/?s={search_term_string}"},"query-input":{"@type":"PropertyValueSpecification","valueRequired":true,"valueName":"search_term_string"}}],"inLanguage":"es"}]}},"_links":{"self":[{"href":"https:\/\/meditempus.duplotest.com\/web\/wp-json\/wp\/v2\/pages\/10811","targetHints":{"allow":["GET"]}}],"collection":[{"href":"https:\/\/meditempus.duplotest.com\/web\/wp-json\/wp\/v2\/pages"}],"about":[{"href":"https:\/\/meditempus.duplotest.com\/web\/wp-json\/wp\/v2\/types\/page"}],"author":[{"embeddable":true,"href":"https:\/\/meditempus.duplotest.com\/web\/wp-json\/wp\/v2\/users\/4"}],"replies":[{"embeddable":true,"href":"https:\/\/meditempus.duplotest.com\/web\/wp-json\/wp\/v2\/comments?post=10811"}],"version-history":[{"count":7,"href":"https:\/\/meditempus.duplotest.com\/web\/wp-json\/wp\/v2\/pages\/10811\/revisions"}],"predecessor-version":[{"id":11116,"href":"https:\/\/meditempus.duplotest.com\/web\/wp-json\/wp\/v2\/pages\/10811\/revisions\/11116"}],"wp:attachment":[{"href":"https:\/\/meditempus.duplotest.com\/web\/wp-json\/wp\/v2\/media?parent=10811"}],"curies":[{"name":"wp","href":"https:\/\/api.w.org\/{rel}","templated":true}]}}